{"id":971,"date":"2023-08-27T10:35:22","date_gmt":"2023-08-27T10:35:22","guid":{"rendered":"http:\/\/194.249.1.50\/?page_id=971"},"modified":"2023-08-28T20:01:19","modified_gmt":"2023-08-28T20:01:19","slug":"program","status":"publish","type":"page","link":"http:\/\/www.fd-groblje.si\/?page_id=971","title":{"rendered":"Program"},"content":{"rendered":"\t\t<div data-elementor-type=\"wp-page\" data-elementor-id=\"971\" class=\"elementor elementor-971\">\n\t\t\t\t\t\t<section class=\"elementor-section elementor-top-section elementor-element elementor-element-46a22f2c elementor-section-content-middle elementor-section-boxed elementor-section-height-default elementor-section-height-default\" data-id=\"46a22f2c\" data-element_type=\"section\" data-settings=\"{&quot;background_background&quot;:&quot;classic&quot;}\">\n\t\t\t\t\t\t<div class=\"elementor-container elementor-column-gap-no\">\n\t\t\t\t\t<div class=\"elementor-column elementor-col-33 elementor-top-column elementor-element elementor-element-2202f37e\" data-id=\"2202f37e\" data-element_type=\"column\">\n\t\t\t<div class=\"elementor-widget-wrap elementor-element-populated\">\n\t\t\t\t\t\t<div class=\"elementor-element elementor-element-2f57042b elementor-widget elementor-widget-text-editor\" data-id=\"2f57042b\" data-element_type=\"widget\" data-widget_type=\"text-editor.default\">\n\t\t\t\t<div class=\"elementor-widget-container\">\n\t\t\t\t\t\t\t\t\t<p>PROGRAM<\/p>\t\t\t\t\t\t\t\t<\/div>\n\t\t\t\t<\/div>\n\t\t\t\t<div class=\"elementor-element elementor-element-2400c3ce elementor-widget elementor-widget-heading\" data-id=\"2400c3ce\" data-element_type=\"widget\" data-widget_type=\"heading.default\">\n\t\t\t\t<div class=\"elementor-widget-container\">\n\t\t\t\t\t<h3 class=\"elementor-heading-title elementor-size-default\">Ljudski plesi slovenkih pokrajin<\/h3>\t\t\t\t<\/div>\n\t\t\t\t<\/div>\n\t\t\t\t\t<\/div>\n\t\t<\/div>\n\t\t\t\t<div class=\"elementor-column elementor-col-33 elementor-top-column elementor-element elementor-element-2f2340d\" data-id=\"2f2340d\" data-element_type=\"column\">\n\t\t\t<div class=\"elementor-widget-wrap elementor-element-populated\">\n\t\t\t\t\t\t<div class=\"elementor-element elementor-element-49a88ec elementor-widget elementor-widget-image\" data-id=\"49a88ec\" data-element_type=\"widget\" data-widget_type=\"image.default\">\n\t\t\t\t<div class=\"elementor-widget-container\">\n\t\t\t\t\t\t\t\t\t\t\t\t\t\t\t<img fetchpriority=\"high\" decoding=\"async\" width=\"1024\" height=\"684\" src=\"http:\/\/www.fd-groblje.si\/wp-content\/uploads\/2023\/08\/program_koroski-plesi-1024x684.jpg\" class=\"attachment-large size-large wp-image-1028\" alt=\"fd groblje - koro\u0161ki plesi\" srcset=\"http:\/\/www.fd-groblje.si\/wp-content\/uploads\/2023\/08\/program_koroski-plesi-1024x684.jpg 1024w, http:\/\/www.fd-groblje.si\/wp-content\/uploads\/2023\/08\/program_koroski-plesi-300x200.jpg 300w, http:\/\/www.fd-groblje.si\/wp-content\/uploads\/2023\/08\/program_koroski-plesi-768x513.jpg 768w, http:\/\/www.fd-groblje.si\/wp-content\/uploads\/2023\/08\/program_koroski-plesi.jpg 1252w\" sizes=\"(max-width: 1024px) 100vw, 1024px\" \/>\t\t\t\t\t\t\t\t\t\t\t\t\t\t\t<\/div>\n\t\t\t\t<\/div>\n\t\t\t\t<div class=\"elementor-element elementor-element-5021fef5 elementor-widget elementor-widget-text-editor\" data-id=\"5021fef5\" data-element_type=\"widget\" data-widget_type=\"text-editor.default\">\n\t\t\t\t<div class=\"elementor-widget-container\">\n\t\t\t\t\t\t\t\t\t<h4><strong><span style=\"font-style: inherit;\">&#8220;KORO\u0160KI PLESI&#8221;<\/span><\/strong><\/h4><h6>Svatbeni plesi<\/h6><p><span style=\"font-style: inherit; font-weight: inherit;\">\u0160pacir, Osemca, \u0160tajeri\u0161 v troje, Svadbena polka, Pastirica, Vever&#8217;ca, Lisi\u010dji rej in Ciperle<br \/><\/span>Pesmi: <span style=\"font-style: inherit; font-weight: inherit;\">Bom pa rajat&#8217; za\u010del, Al ta teta tata in Jutranjica<\/span><\/p><h6>Prvi rej<\/h6><p><span style=\"font-style: inherit; font-weight: inherit;\">Prvi rej, Obi\u010dni rej, Mlin\u010dek, Kowo vrtat in Malender<br \/><\/span>Pesmi:\u00a0<span style=\"font-style: inherit; font-weight: inherit;\">Dober ve\u010der, ljubo dakle; Prvi rej; Sva z ljub&#8217;co na jarmak hodiwa<\/span><\/p>\t\t\t\t\t\t\t\t<\/div>\n\t\t\t\t<\/div>\n\t\t\t\t\t<\/div>\n\t\t<\/div>\n\t\t\t\t<div class=\"elementor-column elementor-col-33 elementor-top-column elementor-element elementor-element-48b5eec7\" data-id=\"48b5eec7\" data-element_type=\"column\">\n\t\t\t<div class=\"elementor-widget-wrap elementor-element-populated\">\n\t\t\t\t\t\t<div class=\"elementor-element elementor-element-3a4cbb64 elementor-widget__width-initial elementor-widget elementor-widget-text-editor\" data-id=\"3a4cbb64\" data-element_type=\"widget\" data-widget_type=\"text-editor.default\">\n\t\t\t\t<div class=\"elementor-widget-container\">\n\t\t\t\t\t\t\t\t\t<h4>&#8220;GORENJSKI PLESI&#8221;<\/h4>\n<h6>Fantje po polj&#8217; gredo<\/h6>\nTa potrkana, Mrzulin, Kowtre \u0161ivat, \u017dakle \u0161ivat in \u0160tajeri\u0161 v \u0161tiri\nPesem:\u00a0Fantje po polj&#8217; gredo\n<\/br><\/br>\n<h6>&#8220;Le predi, dekle, predi&#8221;<\/h6>\nNojkatoli\u0161, Trojke in \u0160tajeri\u0161i\n<\/br>Pesem:\nLe predi, dekle, predi\nJav,jav, kje bom jemal\n<\/br><\/br>\n<h6>&#8220;\u010cez gmajnico domov&#8221;<\/h6>\nTri korake polka, Ziben\u0161rit, \u0160oti\u0161, Dinga in Mazurka<\/br>\nPesem: \u010cez gmajnico domov\n<\/br><\/br>\n<h6>&#8220;Len\u010dka gre&#8221;<\/h6>\nTa posko\u010dna, Ohcetna polka, Ples s poga\u010do, Svatovska polka, Najpajeri\u0161, Kme\u010dki val\u010dek, Ceperle in Pajeri\u0161<\/br>\nPesem: Len\u010dka gre\n<\/br><\/br>\n<h6>&#8220;Devej, devej dreto&#8221;<\/h6>\nKoutre vit, Brc polka, \u0160u\u0161tarski plesi, \u0160tajeri\u0161 z robcem, Ples s klobuki, Cvaj\u0161rit<\/br>\nPesmi: Devej, devej dreto, Usoden fantovski pretep\n<\/br><\/br>\n<h6>&#8220;Pozdrav Dom\u017ealam&#8221;<\/h6>\n\u0160pacir, Ajnzerji &#8211; cvajarji, Mazurka in Na klin\u010dku visi kikl&#8217;ca<\/br>\nPesem: Ovbe, ovbe, gvavca moja\t\t\t\t\t\t\t\t<\/div>\n\t\t\t\t<\/div>\n\t\t\t\t<div class=\"elementor-element elementor-element-ba33e6a elementor-widget elementor-widget-image\" data-id=\"ba33e6a\" data-element_type=\"widget\" data-widget_type=\"image.default\">\n\t\t\t\t<div class=\"elementor-widget-container\">\n\t\t\t\t\t\t\t\t\t\t\t\t\t\t\t<img decoding=\"async\" width=\"1024\" height=\"678\" src=\"http:\/\/www.fd-groblje.si\/wp-content\/uploads\/2023\/08\/program_gorenjski-plesi-1024x678.jpg\" class=\"attachment-large size-large wp-image-1027\" alt=\"fd groblje - gorenjski plesi\" srcset=\"http:\/\/www.fd-groblje.si\/wp-content\/uploads\/2023\/08\/program_gorenjski-plesi-1024x678.jpg 1024w, http:\/\/www.fd-groblje.si\/wp-content\/uploads\/2023\/08\/program_gorenjski-plesi-300x199.jpg 300w, http:\/\/www.fd-groblje.si\/wp-content\/uploads\/2023\/08\/program_gorenjski-plesi-768x509.jpg 768w, http:\/\/www.fd-groblje.si\/wp-content\/uploads\/2023\/08\/program_gorenjski-plesi-1536x1018.jpg 1536w, http:\/\/www.fd-groblje.si\/wp-content\/uploads\/2023\/08\/program_gorenjski-plesi.jpg 1600w\" sizes=\"(max-width: 1024px) 100vw, 1024px\" \/>\t\t\t\t\t\t\t\t\t\t\t\t\t\t\t<\/div>\n\t\t\t\t<\/div>\n\t\t\t\t\t<\/div>\n\t\t<\/div>\n\t\t\t\t\t<\/div>\n\t\t<\/section>\n\t\t\t\t<section class=\"elementor-section elementor-top-section elementor-element elementor-element-b41196a elementor-section-boxed elementor-section-height-default elementor-section-height-default\" data-id=\"b41196a\" data-element_type=\"section\" data-settings=\"{&quot;background_background&quot;:&quot;classic&quot;}\">\n\t\t\t\t\t\t<div class=\"elementor-container elementor-column-gap-default\">\n\t\t\t\t\t<div class=\"elementor-column elementor-col-33 elementor-top-column elementor-element elementor-element-9385ab8\" data-id=\"9385ab8\" data-element_type=\"column\">\n\t\t\t<div class=\"elementor-widget-wrap elementor-element-populated\">\n\t\t\t\t\t\t<div class=\"elementor-element elementor-element-cd2f73e elementor-widget elementor-widget-image\" data-id=\"cd2f73e\" data-element_type=\"widget\" data-widget_type=\"image.default\">\n\t\t\t\t<div class=\"elementor-widget-container\">\n\t\t\t\t\t\t\t\t\t\t\t\t\t\t\t<img decoding=\"async\" src=\"http:\/\/www.fd-groblje.si\/wp-content\/uploads\/2023\/08\/program_dolenjski-plesi.jpg\" title=\"program_dolenjski plesi\" alt=\"Dolenjski plesi\" loading=\"lazy\" \/>\t\t\t\t\t\t\t\t\t\t\t\t\t\t\t<\/div>\n\t\t\t\t<\/div>\n\t\t\t\t\t<\/div>\n\t\t<\/div>\n\t\t\t\t<div class=\"elementor-column elementor-col-66 elementor-top-column elementor-element elementor-element-12fdcda\" data-id=\"12fdcda\" data-element_type=\"column\">\n\t\t\t<div class=\"elementor-widget-wrap elementor-element-populated\">\n\t\t\t\t\t\t<div class=\"elementor-element elementor-element-ef5fc1b elementor-widget elementor-widget-text-editor\" data-id=\"ef5fc1b\" data-element_type=\"widget\" data-widget_type=\"text-editor.default\">\n\t\t\t\t<div class=\"elementor-widget-container\">\n\t\t\t\t\t\t\t\t\t<h4>&#8220;DOLENJSKI PLESI&#8221;<\/h4><h6>Na gori je moj dom<\/h6><p>(\u0160tajeri\u0161i, Mazolka, Pok\u0161oto\u0161, Ajknc polka, Ziben\u0161rit in Marjanca)<br \/>Pesem:\u00a0 Na gori je moj dom<\/p><h6>Preljuba mi soseda<\/h6><p>(Abraham, \u017dakle \u0161ivat, Kri\u017epolka, \u010cuk sedi -Nojkatoli\u0161, Mazurka in \u0160oti\u0161)<br \/>Pesmi: Le predi, dekle, predi in Jav, jav, kje bom jemav<\/p>\t\t\t\t\t\t\t\t<\/div>\n\t\t\t\t<\/div>\n\t\t\t\t\t<\/div>\n\t\t<\/div>\n\t\t\t\t\t<\/div>\n\t\t<\/section>\n\t\t\t\t<\/div>\n\t\t","protected":false},"excerpt":{"rendered":"<p>PROGRAM Ljudski plesi slovenkih pokrajin &#8220;KORO\u0160KI PLESI&#8221; Svatbeni plesi \u0160pacir, Osemca, \u0160tajeri\u0161 v troje, Svadbena polka, Pastirica, Vever&#8217;ca, Lisi\u010dji rej in CiperlePesmi: Bom pa rajat&#8217; za\u010del, Al ta teta tata in Jutranjica Prvi rej Prvi rej, Obi\u010dni rej, Mlin\u010dek, Kowo vrtat in MalenderPesmi:\u00a0Dober ve\u010der, ljubo dakle; Prvi rej; Sva z ljub&#8217;co na jarmak hodiwa &#8220;GORENJSKI [&hellip;]<\/p>\n","protected":false},"author":1,"featured_media":0,"parent":0,"menu_order":0,"comment_status":"closed","ping_status":"closed","template":"","meta":{"site-sidebar-layout":"no-sidebar","site-content-layout":"page-builder","ast-site-content-layout":"default","site-content-style":"default","site-sidebar-style":"default","ast-global-header-display":"","ast-banner-title-visibility":"","ast-main-header-display":"","ast-hfb-above-header-display":"","ast-hfb-below-header-display":"","ast-hfb-mobile-header-display":"","site-post-title":"disabled","ast-breadcrumbs-content":"","ast-featured-img":"disabled","footer-sml-layout":"","theme-transparent-header-meta":"","adv-header-id-meta":"","stick-header-meta":"","header-above-stick-meta":"","header-main-stick-meta":"","header-below-stick-meta":"","astra-migrate-meta-layouts":"default","ast-page-background-enabled":"default","ast-page-background-meta":{"desktop":{"background-color":"var(--ast-global-color-4)","background-image":"","background-repeat":"repeat","background-position":"center center","background-size":"auto","background-attachment":"scroll","background-type":"","background-media":"","overlay-type":"","overlay-color":"","overlay-opacity":"","overlay-gradient":""},"tablet":{"background-color":"","background-image":"","background-repeat":"repeat","background-position":"center center","background-size":"auto","background-attachment":"scroll","background-type":"","background-media":"","overlay-type":"","overlay-color":"","overlay-opacity":"","overlay-gradient":""},"mobile":{"background-color":"","background-image":"","background-repeat":"repeat","background-position":"center center","background-size":"auto","background-attachment":"scroll","background-type":"","background-media":"","overlay-type":"","overlay-color":"","overlay-opacity":"","overlay-gradient":""}},"ast-content-background-meta":{"desktop":{"background-color":"var(--ast-global-color-5)","background-image":"","background-repeat":"repeat","background-position":"center center","background-size":"auto","background-attachment":"scroll","background-type":"","background-media":"","overlay-type":"","overlay-color":"","overlay-opacity":"","overlay-gradient":""},"tablet":{"background-color":"var(--ast-global-color-5)","background-image":"","background-repeat":"repeat","background-position":"center center","background-size":"auto","background-attachment":"scroll","background-type":"","background-media":"","overlay-type":"","overlay-color":"","overlay-opacity":"","overlay-gradient":""},"mobile":{"background-color":"var(--ast-global-color-5)","background-image":"","background-repeat":"repeat","background-position":"center center","background-size":"auto","background-attachment":"scroll","background-type":"","background-media":"","overlay-type":"","overlay-color":"","overlay-opacity":"","overlay-gradient":""}},"footnotes":""},"class_list":["post-971","page","type-page","status-publish","hentry"],"_links":{"self":[{"href":"http:\/\/www.fd-groblje.si\/index.php?rest_route=\/wp\/v2\/pages\/971","targetHints":{"allow":["GET"]}}],"collection":[{"href":"http:\/\/www.fd-groblje.si\/index.php?rest_route=\/wp\/v2\/pages"}],"about":[{"href":"http:\/\/www.fd-groblje.si\/index.php?rest_route=\/wp\/v2\/types\/page"}],"author":[{"embeddable":true,"href":"http:\/\/www.fd-groblje.si\/index.php?rest_route=\/wp\/v2\/users\/1"}],"replies":[{"embeddable":true,"href":"http:\/\/www.fd-groblje.si\/index.php?rest_route=%2Fwp%2Fv2%2Fcomments&post=971"}],"version-history":[{"count":52,"href":"http:\/\/www.fd-groblje.si\/index.php?rest_route=\/wp\/v2\/pages\/971\/revisions"}],"predecessor-version":[{"id":1070,"href":"http:\/\/www.fd-groblje.si\/index.php?rest_route=\/wp\/v2\/pages\/971\/revisions\/1070"}],"wp:attachment":[{"href":"http:\/\/www.fd-groblje.si\/index.php?rest_route=%2Fwp%2Fv2%2Fmedia&parent=971"}],"curies":[{"name":"wp","href":"https:\/\/api.w.org\/{rel}","templated":true}]}}