{"id":1143,"date":"2023-09-02T08:20:50","date_gmt":"2023-09-02T08:20:50","guid":{"rendered":"http:\/\/194.249.1.50\/?page_id=1143"},"modified":"2023-09-02T09:19:40","modified_gmt":"2023-09-02T09:19:40","slug":"elementor-1143","status":"publish","type":"page","link":"http:\/\/www.fd-groblje.si\/?page_id=1143","title":{"rendered":"Galerija"},"content":{"rendered":"\t\t<div data-elementor-type=\"wp-page\" data-elementor-id=\"1143\" class=\"elementor elementor-1143\">\n\t\t\t\t\t\t<section class=\"elementor-section elementor-top-section elementor-element elementor-element-abc27f4 elementor-section-boxed elementor-section-height-default elementor-section-height-default\" data-id=\"abc27f4\" data-element_type=\"section\" data-settings=\"{&quot;background_background&quot;:&quot;classic&quot;}\">\n\t\t\t\t\t\t<div class=\"elementor-container elementor-column-gap-default\">\n\t\t\t\t\t<div class=\"elementor-column elementor-col-100 elementor-top-column elementor-element elementor-element-66f0623\" data-id=\"66f0623\" data-element_type=\"column\">\n\t\t\t<div class=\"elementor-widget-wrap elementor-element-populated\">\n\t\t\t\t\t\t<div class=\"elementor-element elementor-element-e22354b elementor-widget elementor-widget-image\" data-id=\"e22354b\" data-element_type=\"widget\" data-widget_type=\"image.default\">\n\t\t\t\t<div class=\"elementor-widget-container\">\n\t\t\t\t\t\t\t\t\t\t\t\t<figure class=\"wp-caption\">\n\t\t\t\t\t\t\t\t\t\t<img fetchpriority=\"high\" decoding=\"async\" width=\"744\" height=\"1024\" src=\"http:\/\/www.fd-groblje.si\/wp-content\/uploads\/2023\/09\/2023_Pols_Avstrija_Bandera-744x1024.jpg\" class=\"attachment-large size-large wp-image-1106\" alt=\"\" srcset=\"http:\/\/www.fd-groblje.si\/wp-content\/uploads\/2023\/09\/2023_Pols_Avstrija_Bandera-744x1024.jpg 744w, http:\/\/www.fd-groblje.si\/wp-content\/uploads\/2023\/09\/2023_Pols_Avstrija_Bandera-218x300.jpg 218w, http:\/\/www.fd-groblje.si\/wp-content\/uploads\/2023\/09\/2023_Pols_Avstrija_Bandera.jpg 766w\" sizes=\"(max-width: 744px) 100vw, 744px\" \/>\t\t\t\t\t\t\t\t\t\t\t<figcaption class=\"widget-image-caption wp-caption-text\">Na drugo septembrsko nedeljo je v Grobljah \u0161e posebej slovesno, saj verniki ponomajo sv. Notburgi, zavetnici kmetic in gospodinj, tudi pripro\u0161njici za zdravje in sre\u010den porod. Sveta Notburga ima namre\u010d svoj oltar na severni strani cerkve svetega Mohorja in Fortunata v Grobljah. Sv. Notburgo smo v Folklornem dru\u0161tvu sprejeli tudi za svojo zavetnico.<\/figcaption>\n\t\t\t\t\t\t\t\t\t\t<\/figure>\n\t\t\t\t\t\t\t\t\t<\/div>\n\t\t\t\t<\/div>\n\t\t\t\t\t<\/div>\n\t\t<\/div>\n\t\t\t\t\t<\/div>\n\t\t<\/section>\n\t\t\t\t<section class=\"elementor-section elementor-top-section elementor-element elementor-element-fbbd5a3 elementor-section-boxed elementor-section-height-default elementor-section-height-default\" data-id=\"fbbd5a3\" data-element_type=\"section\">\n\t\t\t\t\t\t<div class=\"elementor-container elementor-column-gap-default\">\n\t\t\t\t\t<div class=\"elementor-column elementor-col-100 elementor-top-column elementor-element elementor-element-81d6ff1\" data-id=\"81d6ff1\" data-element_type=\"column\">\n\t\t\t<div class=\"elementor-widget-wrap elementor-element-populated\">\n\t\t\t\t\t\t<div class=\"elementor-element elementor-element-92d6561 elementor-widget-divider--view-line elementor-widget elementor-widget-divider\" data-id=\"92d6561\" data-element_type=\"widget\" data-widget_type=\"divider.default\">\n\t\t\t\t<div class=\"elementor-widget-container\">\n\t\t\t\t\t\t\t<div class=\"elementor-divider\">\n\t\t\t<span class=\"elementor-divider-separator\">\n\t\t\t\t\t\t<\/span>\n\t\t<\/div>\n\t\t\t\t\t\t<\/div>\n\t\t\t\t<\/div>\n\t\t\t\t\t<\/div>\n\t\t<\/div>\n\t\t\t\t\t<\/div>\n\t\t<\/section>\n\t\t\t\t<section class=\"elementor-section elementor-top-section elementor-element elementor-element-17648fa elementor-section-boxed elementor-section-height-default elementor-section-height-default\" data-id=\"17648fa\" data-element_type=\"section\">\n\t\t\t\t\t\t<div class=\"elementor-container elementor-column-gap-default\">\n\t\t\t\t\t<div class=\"elementor-column elementor-col-33 elementor-top-column elementor-element elementor-element-e1f4701\" data-id=\"e1f4701\" data-element_type=\"column\">\n\t\t\t<div class=\"elementor-widget-wrap elementor-element-populated\">\n\t\t\t\t\t\t<div class=\"elementor-element elementor-element-8319525 elementor-widget elementor-widget-heading\" data-id=\"8319525\" data-element_type=\"widget\" data-widget_type=\"heading.default\">\n\t\t\t\t<div class=\"elementor-widget-container\">\n\t\t\t\t\t<h2 class=\"elementor-heading-title elementor-size-default\">Galerija<\/h2>\t\t\t\t<\/div>\n\t\t\t\t<\/div>\n\t\t\t\t\t<\/div>\n\t\t<\/div>\n\t\t\t\t<div class=\"elementor-column elementor-col-66 elementor-top-column elementor-element elementor-element-2319fa6\" data-id=\"2319fa6\" data-element_type=\"column\">\n\t\t\t<div class=\"elementor-widget-wrap elementor-element-populated\">\n\t\t\t\t\t\t<div class=\"elementor-element elementor-element-3279492 elementor-widget elementor-widget-text-editor\" data-id=\"3279492\" data-element_type=\"widget\" data-widget_type=\"text-editor.default\">\n\t\t\t\t<div class=\"elementor-widget-container\">\n\t\t\t\t\t\t\t\t\t<p>Utrinki iz na\u0161ih udejstvovanj.<\/p>\t\t\t\t\t\t\t\t<\/div>\n\t\t\t\t<\/div>\n\t\t\t\t\t<\/div>\n\t\t<\/div>\n\t\t\t\t\t<\/div>\n\t\t<\/section>\n\t\t\t\t<section class=\"elementor-section elementor-top-section elementor-element elementor-element-39d352e elementor-section-boxed elementor-section-height-default elementor-section-height-default\" data-id=\"39d352e\" data-element_type=\"section\">\n\t\t\t\t\t\t<div class=\"elementor-container elementor-column-gap-default\">\n\t\t\t\t\t<div class=\"elementor-column elementor-col-100 elementor-top-column elementor-element elementor-element-bc086c9\" data-id=\"bc086c9\" data-element_type=\"column\">\n\t\t\t<div class=\"elementor-widget-wrap elementor-element-populated\">\n\t\t\t\t\t\t<div class=\"elementor-element elementor-element-8b31879 elementor-widget-divider--view-line elementor-widget elementor-widget-divider\" data-id=\"8b31879\" data-element_type=\"widget\" data-widget_type=\"divider.default\">\n\t\t\t\t<div class=\"elementor-widget-container\">\n\t\t\t\t\t\t\t<div class=\"elementor-divider\">\n\t\t\t<span class=\"elementor-divider-separator\">\n\t\t\t\t\t\t<\/span>\n\t\t<\/div>\n\t\t\t\t\t\t<\/div>\n\t\t\t\t<\/div>\n\t\t\t\t\t<\/div>\n\t\t<\/div>\n\t\t\t\t\t<\/div>\n\t\t<\/section>\n\t\t\t\t<section class=\"elementor-section elementor-top-section elementor-element elementor-element-9314ac2 elementor-section-boxed elementor-section-height-default elementor-section-height-default\" data-id=\"9314ac2\" data-element_type=\"section\">\n\t\t\t\t\t\t<div class=\"elementor-container elementor-column-gap-default\">\n\t\t\t\t\t<div class=\"elementor-column elementor-col-33 elementor-top-column elementor-element elementor-element-c8c03a3\" data-id=\"c8c03a3\" data-element_type=\"column\">\n\t\t\t<div class=\"elementor-widget-wrap elementor-element-populated\">\n\t\t\t\t\t\t<div class=\"elementor-element elementor-element-508a24a elementor-widget elementor-widget-image\" data-id=\"508a24a\" data-element_type=\"widget\" data-widget_type=\"image.default\">\n\t\t\t\t<div class=\"elementor-widget-container\">\n\t\t\t\t\t\t\t\t\t\t\t\t<figure class=\"wp-caption\">\n\t\t\t\t\t\t\t\t\t\t<img decoding=\"async\" width=\"1024\" height=\"679\" src=\"http:\/\/www.fd-groblje.si\/wp-content\/uploads\/2023\/09\/2010-2015_Praznik-KS-Jarse-1024x679.jpg\" class=\"attachment-large size-large wp-image-1110\" alt=\"\" srcset=\"http:\/\/www.fd-groblje.si\/wp-content\/uploads\/2023\/09\/2010-2015_Praznik-KS-Jarse-1024x679.jpg 1024w, http:\/\/www.fd-groblje.si\/wp-content\/uploads\/2023\/09\/2010-2015_Praznik-KS-Jarse-300x199.jpg 300w, http:\/\/www.fd-groblje.si\/wp-content\/uploads\/2023\/09\/2010-2015_Praznik-KS-Jarse-768x509.jpg 768w, http:\/\/www.fd-groblje.si\/wp-content\/uploads\/2023\/09\/2010-2015_Praznik-KS-Jarse-1536x1018.jpg 1536w, http:\/\/www.fd-groblje.si\/wp-content\/uploads\/2023\/09\/2010-2015_Praznik-KS-Jarse.jpg 2048w\" sizes=\"(max-width: 1024px) 100vw, 1024px\" \/>\t\t\t\t\t\t\t\t\t\t\t<figcaption class=\"widget-image-caption wp-caption-text\">Ob prazniku KS Jar\u0161e - Rodica v Kulturnem domu v Grobljah<\/figcaption>\n\t\t\t\t\t\t\t\t\t\t<\/figure>\n\t\t\t\t\t\t\t\t\t<\/div>\n\t\t\t\t<\/div>\n\t\t\t\t\t<\/div>\n\t\t<\/div>\n\t\t\t\t<div class=\"elementor-column elementor-col-33 elementor-top-column elementor-element elementor-element-29c04ae\" data-id=\"29c04ae\" data-element_type=\"column\">\n\t\t\t<div class=\"elementor-widget-wrap elementor-element-populated\">\n\t\t\t\t\t\t<div class=\"elementor-element elementor-element-a4cfbe8 elementor-widget elementor-widget-image\" data-id=\"a4cfbe8\" data-element_type=\"widget\" data-widget_type=\"image.default\">\n\t\t\t\t<div class=\"elementor-widget-container\">\n\t\t\t\t\t\t\t\t\t\t\t\t<figure class=\"wp-caption\">\n\t\t\t\t\t\t\t\t\t\t<img decoding=\"async\" width=\"1024\" height=\"684\" src=\"http:\/\/www.fd-groblje.si\/wp-content\/uploads\/2023\/08\/program_koroski-plesi-1024x684.jpg\" class=\"attachment-large size-large wp-image-1028\" alt=\"fd groblje - koro\u0161ki plesi\" srcset=\"http:\/\/www.fd-groblje.si\/wp-content\/uploads\/2023\/08\/program_koroski-plesi-1024x684.jpg 1024w, http:\/\/www.fd-groblje.si\/wp-content\/uploads\/2023\/08\/program_koroski-plesi-300x200.jpg 300w, http:\/\/www.fd-groblje.si\/wp-content\/uploads\/2023\/08\/program_koroski-plesi-768x513.jpg 768w, http:\/\/www.fd-groblje.si\/wp-content\/uploads\/2023\/08\/program_koroski-plesi.jpg 1252w\" sizes=\"(max-width: 1024px) 100vw, 1024px\" \/>\t\t\t\t\t\t\t\t\t\t\t<figcaption class=\"widget-image-caption wp-caption-text\">Tradicionalna prireditev V Grobljah kot neko\u010d v mesecu septembru, v  organizaciji Folklornega dru\u0161tva Groblje.<\/figcaption>\n\t\t\t\t\t\t\t\t\t\t<\/figure>\n\t\t\t\t\t\t\t\t\t<\/div>\n\t\t\t\t<\/div>\n\t\t\t\t\t<\/div>\n\t\t<\/div>\n\t\t\t\t<div class=\"elementor-column elementor-col-33 elementor-top-column elementor-element elementor-element-df9c7c4\" data-id=\"df9c7c4\" data-element_type=\"column\">\n\t\t\t<div class=\"elementor-widget-wrap elementor-element-populated\">\n\t\t\t\t\t\t<div class=\"elementor-element elementor-element-9bd6977 elementor-widget elementor-widget-image\" data-id=\"9bd6977\" data-element_type=\"widget\" data-widget_type=\"image.default\">\n\t\t\t\t<div class=\"elementor-widget-container\">\n\t\t\t\t\t\t\t\t\t\t\t\t<figure class=\"wp-caption\">\n\t\t\t\t\t\t\t\t\t\t<img loading=\"lazy\" decoding=\"async\" width=\"1024\" height=\"670\" src=\"http:\/\/www.fd-groblje.si\/wp-content\/uploads\/2023\/09\/20180922_Domzale_110-let-Zupnije-Domzale-2-1024x670.jpg\" class=\"attachment-large size-large wp-image-1120\" alt=\"2018 - 110 let \u017eupnije Dom\u017eale\" srcset=\"http:\/\/www.fd-groblje.si\/wp-content\/uploads\/2023\/09\/20180922_Domzale_110-let-Zupnije-Domzale-2-1024x670.jpg 1024w, http:\/\/www.fd-groblje.si\/wp-content\/uploads\/2023\/09\/20180922_Domzale_110-let-Zupnije-Domzale-2-300x196.jpg 300w, http:\/\/www.fd-groblje.si\/wp-content\/uploads\/2023\/09\/20180922_Domzale_110-let-Zupnije-Domzale-2-768x503.jpg 768w, http:\/\/www.fd-groblje.si\/wp-content\/uploads\/2023\/09\/20180922_Domzale_110-let-Zupnije-Domzale-2.jpg 1103w\" sizes=\"(max-width: 1024px) 100vw, 1024px\" \/>\t\t\t\t\t\t\t\t\t\t\t<figcaption class=\"widget-image-caption wp-caption-text\">Ob 110 letnici \u017dupnije Dom\u017eale (foto Dom\u017ealec.si)<\/figcaption>\n\t\t\t\t\t\t\t\t\t\t<\/figure>\n\t\t\t\t\t\t\t\t\t<\/div>\n\t\t\t\t<\/div>\n\t\t\t\t\t<\/div>\n\t\t<\/div>\n\t\t\t\t\t<\/div>\n\t\t<\/section>\n\t\t\t\t<section class=\"elementor-section elementor-top-section elementor-element elementor-element-3c8bddc elementor-section-boxed elementor-section-height-default elementor-section-height-default\" data-id=\"3c8bddc\" data-element_type=\"section\">\n\t\t\t\t\t\t<div class=\"elementor-container elementor-column-gap-default\">\n\t\t\t\t\t<div class=\"elementor-column elementor-col-33 elementor-top-column elementor-element elementor-element-342c75b\" data-id=\"342c75b\" data-element_type=\"column\">\n\t\t\t<div class=\"elementor-widget-wrap elementor-element-populated\">\n\t\t\t\t\t\t<div class=\"elementor-element elementor-element-96a3005 elementor-widget elementor-widget-image\" data-id=\"96a3005\" data-element_type=\"widget\" data-widget_type=\"image.default\">\n\t\t\t\t<div class=\"elementor-widget-container\">\n\t\t\t\t\t\t\t\t\t\t\t\t<figure class=\"wp-caption\">\n\t\t\t\t\t\t\t\t\t\t<img loading=\"lazy\" decoding=\"async\" width=\"1024\" height=\"768\" src=\"http:\/\/www.fd-groblje.si\/wp-content\/uploads\/2023\/09\/2018_OS-Rodica-1024x768.jpg\" class=\"attachment-large size-large wp-image-1122\" alt=\"\" srcset=\"http:\/\/www.fd-groblje.si\/wp-content\/uploads\/2023\/09\/2018_OS-Rodica-1024x768.jpg 1024w, http:\/\/www.fd-groblje.si\/wp-content\/uploads\/2023\/09\/2018_OS-Rodica-300x225.jpg 300w, http:\/\/www.fd-groblje.si\/wp-content\/uploads\/2023\/09\/2018_OS-Rodica-768x576.jpg 768w, http:\/\/www.fd-groblje.si\/wp-content\/uploads\/2023\/09\/2018_OS-Rodica-1536x1152.jpg 1536w, http:\/\/www.fd-groblje.si\/wp-content\/uploads\/2023\/09\/2018_OS-Rodica.jpg 1632w\" sizes=\"(max-width: 1024px) 100vw, 1024px\" \/>\t\t\t\t\t\t\t\t\t\t\t<figcaption class=\"widget-image-caption wp-caption-text\">Predstavitev folklorne dejavnosti v dom\u017ealskih vrtcih in sonovnih \u0161olah je stalnica v letnem  programu na\u0161ega dru\u0161tva.<\/figcaption>\n\t\t\t\t\t\t\t\t\t\t<\/figure>\n\t\t\t\t\t\t\t\t\t<\/div>\n\t\t\t\t<\/div>\n\t\t\t\t\t<\/div>\n\t\t<\/div>\n\t\t\t\t<div class=\"elementor-column elementor-col-33 elementor-top-column elementor-element elementor-element-b8cb915\" data-id=\"b8cb915\" data-element_type=\"column\">\n\t\t\t<div class=\"elementor-widget-wrap elementor-element-populated\">\n\t\t\t\t\t\t<div class=\"elementor-element elementor-element-f0f7b2b elementor-widget elementor-widget-image\" data-id=\"f0f7b2b\" data-element_type=\"widget\" data-widget_type=\"image.default\">\n\t\t\t\t<div class=\"elementor-widget-container\">\n\t\t\t\t\t\t\t\t\t\t\t\t<figure class=\"wp-caption\">\n\t\t\t\t\t\t\t\t\t\t<img loading=\"lazy\" decoding=\"async\" width=\"1024\" height=\"678\" src=\"http:\/\/www.fd-groblje.si\/wp-content\/uploads\/2023\/08\/program_gorenjski-plesi-1024x678.jpg\" class=\"attachment-large size-large wp-image-1027\" alt=\"fd groblje - gorenjski plesi\" srcset=\"http:\/\/www.fd-groblje.si\/wp-content\/uploads\/2023\/08\/program_gorenjski-plesi-1024x678.jpg 1024w, http:\/\/www.fd-groblje.si\/wp-content\/uploads\/2023\/08\/program_gorenjski-plesi-300x199.jpg 300w, http:\/\/www.fd-groblje.si\/wp-content\/uploads\/2023\/08\/program_gorenjski-plesi-768x509.jpg 768w, http:\/\/www.fd-groblje.si\/wp-content\/uploads\/2023\/08\/program_gorenjski-plesi-1536x1018.jpg 1536w, http:\/\/www.fd-groblje.si\/wp-content\/uploads\/2023\/08\/program_gorenjski-plesi.jpg 1600w\" sizes=\"(max-width: 1024px) 100vw, 1024px\" \/>\t\t\t\t\t\t\t\t\t\t\t<figcaption class=\"widget-image-caption wp-caption-text\">Nastop na P\u0161ati pred gosti\u0161\u010dem Pri Slovenc.<\/figcaption>\n\t\t\t\t\t\t\t\t\t\t<\/figure>\n\t\t\t\t\t\t\t\t\t<\/div>\n\t\t\t\t<\/div>\n\t\t\t\t\t<\/div>\n\t\t<\/div>\n\t\t\t\t<div class=\"elementor-column elementor-col-33 elementor-top-column elementor-element elementor-element-7b3f947\" data-id=\"7b3f947\" data-element_type=\"column\">\n\t\t\t<div class=\"elementor-widget-wrap elementor-element-populated\">\n\t\t\t\t\t\t<div class=\"elementor-element elementor-element-1a4ecb2 elementor-widget elementor-widget-image\" data-id=\"1a4ecb2\" data-element_type=\"widget\" data-widget_type=\"image.default\">\n\t\t\t\t<div class=\"elementor-widget-container\">\n\t\t\t\t\t\t\t\t\t\t\t\t<figure class=\"wp-caption\">\n\t\t\t\t\t\t\t\t\t\t<img loading=\"lazy\" decoding=\"async\" width=\"1024\" height=\"678\" src=\"http:\/\/www.fd-groblje.si\/wp-content\/uploads\/2023\/09\/2023_Pols_Avstrija-1024x678.jpg\" class=\"attachment-large size-large wp-image-1107\" alt=\"2023_P\u00f6ls_Avstrija\" srcset=\"http:\/\/www.fd-groblje.si\/wp-content\/uploads\/2023\/09\/2023_Pols_Avstrija-1024x678.jpg 1024w, http:\/\/www.fd-groblje.si\/wp-content\/uploads\/2023\/09\/2023_Pols_Avstrija-300x199.jpg 300w, http:\/\/www.fd-groblje.si\/wp-content\/uploads\/2023\/09\/2023_Pols_Avstrija-768x509.jpg 768w, http:\/\/www.fd-groblje.si\/wp-content\/uploads\/2023\/09\/2023_Pols_Avstrija-1536x1018.jpg 1536w, http:\/\/www.fd-groblje.si\/wp-content\/uploads\/2023\/09\/2023_Pols_Avstrija.jpg 1600w\" sizes=\"(max-width: 1024px) 100vw, 1024px\" \/>\t\t\t\t\t\t\t\t\t\t\t<figcaption class=\"widget-image-caption wp-caption-text\">\u010clani dru\u0161tva na gostovanju v avstrijskem P\u00f6lsu.<\/figcaption>\n\t\t\t\t\t\t\t\t\t\t<\/figure>\n\t\t\t\t\t\t\t\t\t<\/div>\n\t\t\t\t<\/div>\n\t\t\t\t\t<\/div>\n\t\t<\/div>\n\t\t\t\t\t<\/div>\n\t\t<\/section>\n\t\t\t\t<section class=\"elementor-section elementor-top-section elementor-element elementor-element-a1ab98c elementor-section-boxed elementor-section-height-default elementor-section-height-default\" data-id=\"a1ab98c\" data-element_type=\"section\">\n\t\t\t\t\t\t<div class=\"elementor-container elementor-column-gap-default\">\n\t\t\t\t\t<div class=\"elementor-column elementor-col-100 elementor-top-column elementor-element elementor-element-6e8ad87\" data-id=\"6e8ad87\" data-element_type=\"column\">\n\t\t\t<div class=\"elementor-widget-wrap elementor-element-populated\">\n\t\t\t\t\t\t<div class=\"elementor-element elementor-element-6d6b7b6 elementor-widget elementor-widget-image\" data-id=\"6d6b7b6\" data-element_type=\"widget\" data-widget_type=\"image.default\">\n\t\t\t\t<div class=\"elementor-widget-container\">\n\t\t\t\t\t\t\t\t\t\t\t\t<figure class=\"wp-caption\">\n\t\t\t\t\t\t\t\t\t\t<img loading=\"lazy\" decoding=\"async\" width=\"1024\" height=\"701\" src=\"http:\/\/www.fd-groblje.si\/wp-content\/uploads\/2023\/09\/20180625_Osrednja-obcinska-proslava-ob-Dnevu-drzavnosti_07-1024x701.jpg\" class=\"attachment-large size-large wp-image-1108\" alt=\"\" srcset=\"http:\/\/www.fd-groblje.si\/wp-content\/uploads\/2023\/09\/20180625_Osrednja-obcinska-proslava-ob-Dnevu-drzavnosti_07-1024x701.jpg 1024w, http:\/\/www.fd-groblje.si\/wp-content\/uploads\/2023\/09\/20180625_Osrednja-obcinska-proslava-ob-Dnevu-drzavnosti_07-300x205.jpg 300w, http:\/\/www.fd-groblje.si\/wp-content\/uploads\/2023\/09\/20180625_Osrednja-obcinska-proslava-ob-Dnevu-drzavnosti_07-768x525.jpg 768w, http:\/\/www.fd-groblje.si\/wp-content\/uploads\/2023\/09\/20180625_Osrednja-obcinska-proslava-ob-Dnevu-drzavnosti_07.jpg 1200w\" sizes=\"(max-width: 1024px) 100vw, 1024px\" \/>\t\t\t\t\t\t\t\t\t\t\t<figcaption class=\"widget-image-caption wp-caption-text\">Osrenja ob\u010dinska proslava ob dnevu dr\u017eavnosti.<\/figcaption>\n\t\t\t\t\t\t\t\t\t\t<\/figure>\n\t\t\t\t\t\t\t\t\t<\/div>\n\t\t\t\t<\/div>\n\t\t\t\t\t<\/div>\n\t\t<\/div>\n\t\t\t\t\t<\/div>\n\t\t<\/section>\n\t\t\t\t<\/div>\n\t\t","protected":false},"excerpt":{"rendered":"<p>Na drugo septembrsko nedeljo je v Grobljah \u0161e posebej slovesno, saj verniki ponomajo sv. Notburgi, zavetnici kmetic in gospodinj, tudi pripro\u0161njici za zdravje in sre\u010den porod. Sveta Notburga ima namre\u010d svoj oltar na severni strani cerkve svetega Mohorja in Fortunata v Grobljah. Sv. Notburgo smo v Folklornem dru\u0161tvu sprejeli tudi za svojo zavetnico. Galerija Utrinki [&hellip;]<\/p>\n","protected":false},"author":1,"featured_media":0,"parent":0,"menu_order":0,"comment_status":"closed","ping_status":"closed","template":"","meta":{"site-sidebar-layout":"no-sidebar","site-content-layout":"page-builder","ast-site-content-layout":"full-width-container","site-content-style":"default","site-sidebar-style":"default","ast-global-header-display":"","ast-banner-title-visibility":"","ast-main-header-display":"","ast-hfb-above-header-display":"","ast-hfb-below-header-display":"","ast-hfb-mobile-header-display":"","site-post-title":"disabled","ast-breadcrumbs-content":"","ast-featured-img":"disabled","footer-sml-layout":"","theme-transparent-header-meta":"","adv-header-id-meta":"","stick-header-meta":"","header-above-stick-meta":"","header-main-stick-meta":"","header-below-stick-meta":"","astra-migrate-meta-layouts":"set","ast-page-background-enabled":"default","ast-page-background-meta":{"desktop":{"background-color":"var(--ast-global-color-4)","background-image":"","background-repeat":"repeat","background-position":"center center","background-size":"auto","background-attachment":"scroll","background-type":"","background-media":"","overlay-type":"","overlay-color":"","overlay-opacity":"","overlay-gradient":""},"tablet":{"background-color":"","background-image":"","background-repeat":"repeat","background-position":"center center","background-size":"auto","background-attachment":"scroll","background-type":"","background-media":"","overlay-type":"","overlay-color":"","overlay-opacity":"","overlay-gradient":""},"mobile":{"background-color":"","background-image":"","background-repeat":"repeat","background-position":"center center","background-size":"auto","background-attachment":"scroll","background-type":"","background-media":"","overlay-type":"","overlay-color":"","overlay-opacity":"","overlay-gradient":""}},"ast-content-background-meta":{"desktop":{"background-color":"var(--ast-global-color-5)","background-image":"","background-repeat":"repeat","background-position":"center center","background-size":"auto","background-attachment":"scroll","background-type":"","background-media":"","overlay-type":"","overlay-color":"","overlay-opacity":"","overlay-gradient":""},"tablet":{"background-color":"var(--ast-global-color-5)","background-image":"","background-repeat":"repeat","background-position":"center center","background-size":"auto","background-attachment":"scroll","background-type":"","background-media":"","overlay-type":"","overlay-color":"","overlay-opacity":"","overlay-gradient":""},"mobile":{"background-color":"var(--ast-global-color-5)","background-image":"","background-repeat":"repeat","background-position":"center center","background-size":"auto","background-attachment":"scroll","background-type":"","background-media":"","overlay-type":"","overlay-color":"","overlay-opacity":"","overlay-gradient":""}},"footnotes":""},"class_list":["post-1143","page","type-page","status-publish","hentry"],"_links":{"self":[{"href":"http:\/\/www.fd-groblje.si\/index.php?rest_route=\/wp\/v2\/pages\/1143","targetHints":{"allow":["GET"]}}],"collection":[{"href":"http:\/\/www.fd-groblje.si\/index.php?rest_route=\/wp\/v2\/pages"}],"about":[{"href":"http:\/\/www.fd-groblje.si\/index.php?rest_route=\/wp\/v2\/types\/page"}],"author":[{"embeddable":true,"href":"http:\/\/www.fd-groblje.si\/index.php?rest_route=\/wp\/v2\/users\/1"}],"replies":[{"embeddable":true,"href":"http:\/\/www.fd-groblje.si\/index.php?rest_route=%2Fwp%2Fv2%2Fcomments&post=1143"}],"version-history":[{"count":58,"href":"http:\/\/www.fd-groblje.si\/index.php?rest_route=\/wp\/v2\/pages\/1143\/revisions"}],"predecessor-version":[{"id":1209,"href":"http:\/\/www.fd-groblje.si\/index.php?rest_route=\/wp\/v2\/pages\/1143\/revisions\/1209"}],"wp:attachment":[{"href":"http:\/\/www.fd-groblje.si\/index.php?rest_route=%2Fwp%2Fv2%2Fmedia&parent=1143"}],"curies":[{"name":"wp","href":"https:\/\/api.w.org\/{rel}","templated":true}]}}